{"id":559,"date":"2022-06-27T15:34:00","date_gmt":"2022-06-27T18:34:00","guid":{"rendered":"https:\/\/jcmoveisinfantis.com.br\/novosite\/?page_id=559"},"modified":"2022-06-27T15:34:19","modified_gmt":"2022-06-27T18:34:19","slug":"quem-somos","status":"publish","type":"page","link":"https:\/\/jcmoveisinfantis.com.br\/novosite\/quem-somos\/","title":{"rendered":"Quem Somos"},"content":{"rendered":"\t\t<div data-elementor-type=\"wp-page\" data-elementor-id=\"559\" class=\"elementor elementor-559\">\n\t\t\t\t\t\t<section class=\"elementor-section elementor-top-section elementor-element elementor-element-3f1e2d0d elementor-section-boxed elementor-section-height-default elementor-section-height-default\" data-id=\"3f1e2d0d\" data-element_type=\"section\">\n\t\t\t\t\t\t<div class=\"elementor-container elementor-column-gap-default\">\n\t\t\t\t\t<div class=\"elementor-column elementor-col-50 elementor-top-column elementor-element elementor-element-598005a9 elementor-invisible\" data-id=\"598005a9\" data-element_type=\"column\" data-settings=\"{&quot;animation&quot;:&quot;fadeInLeft&quot;}\">\n\t\t\t<div class=\"elementor-widget-wrap elementor-element-populated\">\n\t\t\t\t\t\t<div class=\"elementor-element elementor-element-4b41c465 elementor-widget elementor-widget-image\" data-id=\"4b41c465\" data-element_type=\"widget\" data-settings=\"{&quot;ekit_we_effect_on&quot;:&quot;none&quot;}\" data-widget_type=\"image.default\">\n\t\t\t\t<div class=\"elementor-widget-container\">\n\t\t\t\t\t\t\t\t\t\t\t\t\t<img fetchpriority=\"high\" decoding=\"async\" width=\"672\" height=\"1024\" src=\"https:\/\/jcmoveisinfantis.com.br\/novosite\/wp-content\/uploads\/2022\/06\/6-meses029-672x1024.png\" class=\"attachment-large size-large wp-image-556\" alt=\"\" srcset=\"https:\/\/jcmoveisinfantis.com.br\/novosite\/wp-content\/uploads\/2022\/06\/6-meses029-672x1024.png 672w, https:\/\/jcmoveisinfantis.com.br\/novosite\/wp-content\/uploads\/2022\/06\/6-meses029-197x300.png 197w, https:\/\/jcmoveisinfantis.com.br\/novosite\/wp-content\/uploads\/2022\/06\/6-meses029-768x1170.png 768w, https:\/\/jcmoveisinfantis.com.br\/novosite\/wp-content\/uploads\/2022\/06\/6-meses029-1008x1536.png 1008w, https:\/\/jcmoveisinfantis.com.br\/novosite\/wp-content\/uploads\/2022\/06\/6-meses029-1344x2048.png 1344w\" sizes=\"(max-width: 672px) 100vw, 672px\" \/>\t\t\t\t\t\t\t\t\t\t\t\t\t<\/div>\n\t\t\t\t<\/div>\n\t\t\t\t\t<\/div>\n\t\t<\/div>\n\t\t\t\t<div class=\"elementor-column elementor-col-50 elementor-top-column elementor-element elementor-element-6c064e4d elementor-invisible\" data-id=\"6c064e4d\" data-element_type=\"column\" data-settings=\"{&quot;animation&quot;:&quot;fadeInRight&quot;}\">\n\t\t\t<div class=\"elementor-widget-wrap elementor-element-populated\">\n\t\t\t\t\t\t<div class=\"elementor-element elementor-element-7d29b99f xs-heading-text elementor-align-center elementor-widget elementor-widget-xs-heading\" data-id=\"7d29b99f\" data-element_type=\"widget\" data-settings=\"{&quot;ekit_we_effect_on&quot;:&quot;none&quot;}\" data-widget_type=\"xs-heading.default\">\n\t\t\t\t<div class=\"elementor-widget-container\">\n\t\t\t<div class=\"geobin-heading-title\">\n    <span class=\"animate-border pull-left\"><\/span><\/div>\t\t<\/div>\n\t\t\t\t<\/div>\n\t\t\t\t<div class=\"elementor-element elementor-element-149df1cd elementor-widget elementor-widget-heading\" data-id=\"149df1cd\" data-element_type=\"widget\" data-settings=\"{&quot;ekit_we_effect_on&quot;:&quot;none&quot;}\" data-widget_type=\"heading.default\">\n\t\t\t\t<div class=\"elementor-widget-container\">\n\t\t\t<h3 class=\"elementor-heading-title elementor-size-large\">SOBRE A EMPRESA<\/h3>\t\t<\/div>\n\t\t\t\t<\/div>\n\t\t\t\t<div class=\"elementor-element elementor-element-2eb50f9b elementor-widget elementor-widget-text-editor\" data-id=\"2eb50f9b\" data-element_type=\"widget\" data-settings=\"{&quot;ekit_we_effect_on&quot;:&quot;none&quot;}\" data-widget_type=\"text-editor.default\">\n\t\t\t\t<div class=\"elementor-widget-container\">\n\t\t\t\t\t\t\t<p>No Final Dos anos 90 a JC Moveis cresceu muito, ent\u00e3o iniciou-se um processo de moderniza\u00e7\u00e3o e inova\u00e7\u00e3o tecnol\u00f3gica, melhorando assim a qualidade e designer dos seus produtos. Mais com todas estas melhorias nunca deixamos de valorizar o trabalho artesanal de excelentes e dedicados colaboradores que possu\u00edmos em nossa empresa.<br \/>No ano de 2000 passamos por um processo de recria\u00e7\u00e3o e reestrutura\u00e7\u00e3o da empresa . Ent\u00e3o Jose Carlos e sua esposa Maria, com o apoio de seus dois filhos e todos os colaboradores, iniciaram uma nova era de moderniza\u00e7\u00f5es de algumas maquinas e processos.<\/p><p>Com a certeza de que tudo tem um proposito, nos reerguemos com o intuito de darmos continuidade a fam\u00edlia JC M\u00f3veis.<br \/>Nos anos seguintes de 2000 iniciou novas aquisi\u00e7\u00f5es de maquinas de ultima gera\u00e7\u00e3o para produ\u00e7\u00e3o de moveis, maquinas essas computadorizadas, onde a margem de erros caiu extraordinariamente. <br \/>Criamos processos de rastreabilidade para detectarmos erros antes de acontecerem, diminuindo retrabalhos. <br \/>Nos \u00faltimos anos, dobramos nosso espa\u00e7o de produ\u00e7\u00e3o, para atendermos todo territ\u00f3rio nacional com agilidade e qualidade, tornando assim a \u00fanica empresa de moveis infantis do Brasil com prazo de entrega de no m\u00e1ximo 30 dias.<br \/>Produzindo produtos com alto controle de qualidade e seguran\u00e7a, respeitando o meio ambiente, no uso de 100% de madeira de reflorestamento e acabamentos at\u00f3xicos. Tendo o carinho e cuidado para que voc\u00ea possa dar o melhor para o seu beb\u00ea.<\/p>\t\t\t\t\t\t<\/div>\n\t\t\t\t<\/div>\n\t\t\t\t\t<\/div>\n\t\t<\/div>\n\t\t\t\t\t<\/div>\n\t\t<\/section>\n\t\t\t\t<section class=\"elementor-section elementor-top-section elementor-element elementor-element-6b082138 elementor-section-boxed elementor-section-height-default elementor-section-height-default\" data-id=\"6b082138\" data-element_type=\"section\">\n\t\t\t\t\t\t<div class=\"elementor-container elementor-column-gap-default\">\n\t\t\t\t\t<div class=\"elementor-column elementor-col-100 elementor-top-column elementor-element elementor-element-4e090bd6\" data-id=\"4e090bd6\" data-element_type=\"column\">\n\t\t\t<div class=\"elementor-widget-wrap elementor-element-populated\">\n\t\t\t\t\t\t<div class=\"elementor-element elementor-element-71e10b8f xs-heading-text elementor-align-center elementor-widget elementor-widget-xs-heading\" data-id=\"71e10b8f\" data-element_type=\"widget\" data-settings=\"{&quot;ekit_we_effect_on&quot;:&quot;none&quot;}\" data-widget_type=\"xs-heading.default\">\n\t\t\t\t<div class=\"elementor-widget-container\">\n\t\t\t<div class=\"geobin-heading-title\">\n            <span class=\"animate-border mr-auto ml-auto\"><\/span>\n    <\/div>\t\t<\/div>\n\t\t\t\t<\/div>\n\t\t\t\t<div class=\"elementor-element elementor-element-27f26eff elementor-widget elementor-widget-heading\" data-id=\"27f26eff\" data-element_type=\"widget\" data-settings=\"{&quot;ekit_we_effect_on&quot;:&quot;none&quot;}\" data-widget_type=\"heading.default\">\n\t\t\t\t<div class=\"elementor-widget-container\">\n\t\t\t<h3 class=\"elementor-heading-title elementor-size-large\">CRONOLOGIA JCMOVEIS<\/h3>\t\t<\/div>\n\t\t\t\t<\/div>\n\t\t\t\t<div class=\"elementor-element elementor-element-2d4ee965 elementor-widget elementor-widget-spacer\" data-id=\"2d4ee965\" data-element_type=\"widget\" data-settings=\"{&quot;ekit_we_effect_on&quot;:&quot;none&quot;}\" data-widget_type=\"spacer.default\">\n\t\t\t\t<div class=\"elementor-widget-container\">\n\t\t\t\t\t<div class=\"elementor-spacer\">\n\t\t\t<div class=\"elementor-spacer-inner\"><\/div>\n\t\t<\/div>\n\t\t\t\t<\/div>\n\t\t\t\t<\/div>\n\t\t\t\t<div class=\"elementor-element elementor-element-782ce39c elementor-widget elementor-widget-xs-timeline\" data-id=\"782ce39c\" data-element_type=\"widget\" data-settings=\"{&quot;ekit_we_effect_on&quot;:&quot;none&quot;}\" data-widget_type=\"xs-timeline.default\">\n\t\t\t\t<div class=\"elementor-widget-container\">\n\t\t\t            <div class=\"timeline-wrapper\">\n                \n                                \n                  <div class=\"row\">\n                     <div class=\"col-md-6 timeline-item\">\n                        <div class=\"timeline-date\">\n                           <p class=\"title\">Inicio de 1980<\/p>\n                           <p class=\"tagline\">In\u00edcio da Empresa<\/p>\n                        <\/div>\n                     <\/div>\n                     <div class=\"col-md-6 timeline-item\">\n                        <div class=\"timeline-badge\"><\/div>\n                        <div class=\"timeline-panel\">\n                           <div class=\"details\">A JC M\u00f3veis Foi criada por Jose Carlos de Vicente no inicio dos anos 80, Jose Carlos era marceneiro e Funcion\u00e1rio, em uma empresa de Brodowski. E com a ajuda de um empres\u00e1rio da Cidade foi incentivado a montar seu pr\u00f3prio neg\u00f3cio.<\/div>\n                        <\/div>\n                     <\/div>\n                  <\/div>\n                                  <div class=\"row\">\n                     <div class=\"col-md-6 timeline-item left-part\">\n                        <div class=\"timeline-badge active\"><\/div>\n                        <div class=\"timeline-panel\">\n                           <div class=\"details\">Pouco tempo, depois, este neg\u00f3cio deu t\u00e3o certo que Jose Carlos e Sua esposa Maria AP (seu bra\u00e7o direito) se uniram, com garra de vencedores que s\u00e3o, dando o segundo passo nesta obra, contratam os primeiros funcion\u00e1rios para auxilia-los.\nNos anos 80 a JC Moveis era uma empresa voltada para fabrica\u00e7\u00e3o de moveis planejados.<\/div>\n                        <\/div>\n                     <\/div>\n                     <div class=\"col-md-6 timeline-item \">\n                        <div class=\"timeline-date left-part active\">\n                           <p class=\"title\">D\u00e9cada de 1990<\/p>\n                           <p class=\"tagline\">Estrutura\u00e7\u00e3o<\/p>\n                        <\/div>\n                     <\/div>\n                  <\/div>\n\n                                  \n                  <div class=\"row\">\n                     <div class=\"col-md-6 timeline-item\">\n                        <div class=\"timeline-date\">\n                           <p class=\"title\">In\u00edcio de 1990<\/p>\n                           <p class=\"tagline\">Estrutura\u00e7\u00e3o<\/p>\n                        <\/div>\n                     <\/div>\n                     <div class=\"col-md-6 timeline-item\">\n                        <div class=\"timeline-badge\"><\/div>\n                        <div class=\"timeline-panel\">\n                           <div class=\"details\">E no inicio dos anos 90 come\u00e7ou a produzir moveis em s\u00e9rie, no ramo de dormit\u00f3rios e decora\u00e7\u00e3o. Vendendo seus produtos para lojas especializadas no estado de S\u00e3o Paulo e Minas gerais.\nAinda nos anos 90 foi procurado por uma empresa de produtos Infantis, para criar uma linha de ber\u00e7os e c\u00f4modas para esta loja, iniciando assim a JC M\u00f3veis Infantis.\nEsta linha infantil foi t\u00e3o importante e motivadora, que a empresa deixou os outros seguimentos e se especializou e aprimorou a fabrica\u00e7\u00e3o de moveis infantis.<\/div>\n                        <\/div>\n                     <\/div>\n                  <\/div>\n                                  <div class=\"row\">\n                     <div class=\"col-md-6 timeline-item left-part\">\n                        <div class=\"timeline-badge active\"><\/div>\n                        <div class=\"timeline-panel\">\n                           <div class=\"details\">Ainda nos anos 90 foi procurado por uma empresa de produtos Infantis, para criar uma linha de ber\u00e7os e c\u00f4modas para esta loja, iniciando assim a JC M\u00f3veis Infantis.\nEsta linha infantil foi t\u00e3o importante e motivadora, que a empresa deixou os outros seguimentos e se especializou e aprimorou a fabrica\u00e7\u00e3o de moveis infantis.<\/div>\n                        <\/div>\n                     <\/div>\n                     <div class=\"col-md-6 timeline-item \">\n                        <div class=\"timeline-date left-part active\">\n                           <p class=\"title\">D\u00e9cada 1990<\/p>\n                           <p class=\"tagline\">In\u00edcio M\u00f3veis Infantis<\/p>\n                        <\/div>\n                     <\/div>\n                  <\/div>\n\n                                  \n                  <div class=\"row\">\n                     <div class=\"col-md-6 timeline-item\">\n                        <div class=\"timeline-date\">\n                           <p class=\"title\">Final D\u00e9cada 1990<\/p>\n                           <p class=\"tagline\">Moderniza\u00e7\u00e3o<\/p>\n                        <\/div>\n                     <\/div>\n                     <div class=\"col-md-6 timeline-item\">\n                        <div class=\"timeline-badge\"><\/div>\n                        <div class=\"timeline-panel\">\n                           <div class=\"details\">No Final Dos anos 90 a JC Moveis cresceu muito, ent\u00e3o iniciou-se um processo de moderniza\u00e7\u00e3o e inova\u00e7\u00e3o tecnol\u00f3gica, melhorando assim a qualidade e designer dos seus produtos. Mais com todas estas melhorias nunca deixamos de valorizar o trabalho artesanal de excelentes e dedicados colaboradores que possu\u00edmos em nossa empresa.<\/div>\n                        <\/div>\n                     <\/div>\n                  <\/div>\n                                  <div class=\"row\">\n                     <div class=\"col-md-6 timeline-item left-part\">\n                        <div class=\"timeline-badge active\"><\/div>\n                        <div class=\"timeline-panel\">\n                           <div class=\"details\">No dia 02\/08\/2000 passamos pelo pior pesadelo de nossas vidas, sofremos um inc\u00eandio, que queimou e destruiu toda nossa produ\u00e7\u00e3o, sobrando assim so o estoque de alguns produtos acabadas. Ent\u00e3o Jose Carlos e sua esposa Maria, com o apoio de seus dois filhos e todos os colaboradores, iniciar\u00e3o o processo de reconstru\u00e7\u00e3o e recupera\u00e7\u00e3o de algumas maquinas.\nCom a certeza de que tudo tem um proposito, nos reerguemos com o intuito de darmos continuidade a fam\u00edlia JC M\u00f3veis.<\/div>\n                        <\/div>\n                     <\/div>\n                     <div class=\"col-md-6 timeline-item \">\n                        <div class=\"timeline-date left-part active\">\n                           <p class=\"title\">Ano 2000<\/p>\n                           <p class=\"tagline\">Trag\u00e9dia e Reconstru\u00e7\u00e3o<\/p>\n                        <\/div>\n                     <\/div>\n                  <\/div>\n\n                                  \n                  <div class=\"row\">\n                     <div class=\"col-md-6 timeline-item\">\n                        <div class=\"timeline-date\">\n                           <p class=\"title\">D\u00e9cada de 2000<\/p>\n                           <p class=\"tagline\">Crescimento<\/p>\n                        <\/div>\n                     <\/div>\n                     <div class=\"col-md-6 timeline-item\">\n                        <div class=\"timeline-badge\"><\/div>\n                        <div class=\"timeline-panel\">\n                           <div class=\"details\">Nos anos seguintes de 2000 iniciou novas aquisi\u00e7\u00f5es de maquinas de ultima gera\u00e7\u00e3o para produ\u00e7\u00e3o de moveis, maquinas essas computadorizadas, onde a margem de erros caiu extraordinariamente.\nCriamos processos de rastreabilidade para detectarmos erros antes de acontecerem, diminuindo retrabalhos.<\/div>\n                        <\/div>\n                     <\/div>\n                  <\/div>\n                                  <div class=\"row\">\n                     <div class=\"col-md-6 timeline-item left-part\">\n                        <div class=\"timeline-badge active\"><\/div>\n                        <div class=\"timeline-panel\">\n                           <div class=\"details\">Nos \u00faltimos anos, dobramos nosso espa\u00e7o de produ\u00e7\u00e3o, para atendermos todo territ\u00f3rio nacional com agilidade e qualidade, tornando assim a \u00fanica empresa de moveis infantis do Brasil com prazo de entrega de no m\u00e1ximo 30 dias.\nProduzindo produtos com alto controle de qualidade e seguran\u00e7a, respeitando o meio ambiente, no uso de 100% de madeira de reflorestamento e acabamentos at\u00f3xicos. Tendo o carinho e cuidado para que voc\u00ea possa dar o melhor para o seu beb\u00ea.<\/div>\n                        <\/div>\n                     <\/div>\n                     <div class=\"col-md-6 timeline-item \">\n                        <div class=\"timeline-date left-part active\">\n                           <p class=\"title\">D\u00e9cada de 2010<\/p>\n                           <p class=\"tagline\">Consolida\u00e7\u00e3o da Empresa<\/p>\n                        <\/div>\n                     <\/div>\n                  <\/div>\n\n                  \n               <\/div>\n\t\t<\/div>\n\t\t\t\t<\/div>\n\t\t\t\t\t<\/div>\n\t\t<\/div>\n\t\t\t\t\t<\/div>\n\t\t<\/section>\n\t\t\t\t<\/div>\n\t\t","protected":false},"excerpt":{"rendered":"<p>SOBRE A EMPRESA No Final Dos anos 90 a JC Moveis cresceu muito, ent\u00e3o iniciou-se um processo de moderniza\u00e7\u00e3o e inova\u00e7\u00e3o tecnol\u00f3gica, melhorando assim a qualidade e designer dos seus produtos. Mais com todas estas melhorias nunca deixamos de valorizar o trabalho artesanal de excelentes e dedicados colaboradores que possu\u00edmos em nossa empresa.No ano de [&hellip;]<\/p>\n","protected":false},"author":1,"featured_media":0,"parent":0,"menu_order":0,"comment_status":"closed","ping_status":"closed","template":"elementor_header_footer","meta":{"footnotes":""},"class_list":["post-559","page","type-page","status-publish","hentry"],"_links":{"self":[{"href":"https:\/\/jcmoveisinfantis.com.br\/novosite\/wp-json\/wp\/v2\/pages\/559","targetHints":{"allow":["GET"]}}],"collection":[{"href":"https:\/\/jcmoveisinfantis.com.br\/novosite\/wp-json\/wp\/v2\/pages"}],"about":[{"href":"https:\/\/jcmoveisinfantis.com.br\/novosite\/wp-json\/wp\/v2\/types\/page"}],"author":[{"embeddable":true,"href":"https:\/\/jcmoveisinfantis.com.br\/novosite\/wp-json\/wp\/v2\/users\/1"}],"replies":[{"embeddable":true,"href":"https:\/\/jcmoveisinfantis.com.br\/novosite\/wp-json\/wp\/v2\/comments?post=559"}],"version-history":[{"count":4,"href":"https:\/\/jcmoveisinfantis.com.br\/novosite\/wp-json\/wp\/v2\/pages\/559\/revisions"}],"predecessor-version":[{"id":563,"href":"https:\/\/jcmoveisinfantis.com.br\/novosite\/wp-json\/wp\/v2\/pages\/559\/revisions\/563"}],"wp:attachment":[{"href":"https:\/\/jcmoveisinfantis.com.br\/novosite\/wp-json\/wp\/v2\/media?parent=559"}],"curies":[{"name":"wp","href":"https:\/\/api.w.org\/{rel}","templated":true}]}}